{"id":83,"date":"2022-07-22T09:30:19","date_gmt":"2022-07-22T09:30:19","guid":{"rendered":"https:\/\/www.ceipgloriafuertes.org\/?page_id=83"},"modified":"2023-11-06T11:43:16","modified_gmt":"2023-11-06T11:43:16","slug":"comedor-escolar","status":"publish","type":"page","link":"https:\/\/www.ceipgloriafuertes.org\/index.php\/comedor-escolar\/","title":{"rendered":"Comedor Escolar"},"content":{"rendered":"<div class=\"fusion-fullwidth fullwidth-box fusion-builder-row-1 fusion-flex-container nonhundred-percent-fullwidth non-hundred-percent-height-scrolling\" style=\"background-color: rgba(255,255,255,0);background-position: center center;background-repeat: no-repeat;border-width: 0px 0px 0px 0px;border-color:#e2e2e2;border-style:solid;\" ><div class=\"fusion-builder-row fusion-row fusion-flex-align-items-flex-start\" style=\"max-width:1248px;margin-left: calc(-4% \/ 2 );margin-right: calc(-4% \/ 2 );\"><div class=\"fusion-layout-column fusion_builder_column fusion-builder-column-0 fusion_builder_column_1_1 1_1 fusion-flex-column\"><div class=\"fusion-column-wrapper fusion-flex-justify-content-flex-start fusion-content-layout-column\" style=\"background-position:left top;background-repeat:no-repeat;-webkit-background-size:cover;-moz-background-size:cover;-o-background-size:cover;background-size:cover;padding: 0px 0px 0px 0px;\"><style type=\"text\/css\">@media only screen and (max-width:1024px) {.fusion-title.fusion-title-1{margin-top:10px!important;margin-bottom:15px!important;}}@media only screen and (max-width:640px) {.fusion-title.fusion-title-1{margin-top:10px!important;margin-bottom:10px!important;}}<\/style><div class=\"fusion-title title fusion-title-1 fusion-title-center fusion-title-text fusion-title-size-one\" style=\"margin-top:10px;margin-bottom:15px;\"><div class=\"title-sep-container title-sep-container-left\"><div class=\"title-sep sep-single sep-solid\" style=\"border-color:#03a9f4;\"><\/div><\/div><h1 class=\"title-heading-center\" style=\"margin:0;\">Comedor Escolar<\/h1><div class=\"title-sep-container title-sep-container-right\"><div class=\"title-sep sep-single sep-solid\" style=\"border-color:#03a9f4;\"><\/div><\/div><\/div><div class=\"fusion-text fusion-text-1\" style=\"transform:translate3d(0,0,0);\"><p><span style=\"font-weight: 400;\">Durante el pr\u00f3ximo curso 2022\/2023 el\u00a0 servicio lo prestar\u00e1 la empresa<\/span><b>\u00a0 CATERING LUIS SOSA RODR\u00cdGUEZ <\/b><span style=\"font-weight: 400;\">que ser\u00e1 responsable tanto del suministro de la comida como del personal encargado de la atenci\u00f3n de los\/as comensales y del office.<\/span><\/p>\n<p><img decoding=\"async\" class=\"size-full wp-image-85 aligncenter\" src=\"https:\/\/www.ceipgloriafuertes.org\/wp-content\/uploads\/2022\/07\/unnamed-1.png\" alt=\"\" width=\"354\" height=\"325\" srcset=\"https:\/\/www.ceipgloriafuertes.org\/wp-content\/uploads\/2022\/07\/unnamed-1-200x184.png 200w, https:\/\/www.ceipgloriafuertes.org\/wp-content\/uploads\/2022\/07\/unnamed-1-300x275.png 300w, https:\/\/www.ceipgloriafuertes.org\/wp-content\/uploads\/2022\/07\/unnamed-1.png 354w\" sizes=\"(max-width: 354px) 100vw, 354px\" \/><\/p>\n<p><b>El precio para el curso 2022\/2023 queda fijado por persona y d\u00eda en:<\/b><\/p>\n<ul>\n<li style=\"font-weight: 400;\" aria-level=\"1\"><span style=\"font-weight: 400;\">4,78 \u20ac sin bonificaci\u00f3n<\/span><\/li>\n<\/ul>\n<p><b>El pago se realiza por adelantado<\/b><\/p>\n<p><span style=\"font-weight: 400;\">Puede solicitarse seg\u00fan estas tres opciones:\u00a0<\/span><\/p>\n<ol>\n<li style=\"font-weight: 400;\" aria-level=\"1\"><span style=\"font-weight: 400;\">Todos los d\u00edas (se entienden todos los lectivos de todos los meses del servicio).<\/span><\/li>\n<li style=\"font-weight: 400;\" aria-level=\"1\"><span style=\"font-weight: 400;\">D\u00edas fijos (se entienden los mismos d\u00edas de cada semana durante todas las semanas de uso del servicio. Por ejemplo lunes y mi\u00e9rcoles).<\/span><\/li>\n<li style=\"font-weight: 400;\" aria-level=\"1\"><span style=\"font-weight: 400;\">D\u00edas sueltos (habr\u00e1n de comunicarse al final del mes anterior para prever el uso con la antelaci\u00f3n suficiente y preparar el pago con la anticipaci\u00f3n que se establezca)<\/span><\/li>\n<\/ol>\n<p><b>El impago del recibo ser\u00e1 causa suficiente para causar baja en el servicio.<\/b><\/p>\n<p><span style=\"font-weight: 400;\">Las bajas o modificaciones deber\u00e1n comunicarse en la Secretar\u00eda del centro en la 1\u00aa quincena del mes anterior a su entrada en vigor, teniendo en cuenta la antelaci\u00f3n con la que hay que comunicar los servicios a la empresa suministradora.<\/span><\/p>\n<p><b>La bonificaci\u00f3n que pudiera corresponder a cada uno de los Servicios deber\u00e1 solicitarse del 1 al 7 de Septiembre en el modelo Anexo V que se facilitar\u00e1 en Secretar\u00eda.<\/b><\/p>\n<\/div><style type=\"text\/css\">@media only screen and (max-width:1024px) {.fusion-title.fusion-title-2{margin-top:10px!important;margin-bottom:15px!important;}}@media only screen and (max-width:640px) {.fusion-title.fusion-title-2{margin-top:10px!important;margin-bottom:10px!important;}}<\/style><div class=\"fusion-title title fusion-title-2 fusion-title-center fusion-title-text fusion-title-size-one\" style=\"margin-top:10px;margin-bottom:15px;\"><div class=\"title-sep-container title-sep-container-left\"><div class=\"title-sep sep-double sep-solid\" style=\"border-color:#03a9f4;\"><\/div><\/div><h1 class=\"title-heading-center\" style=\"margin:0;color:#03a9f4;\"><h2 style=\"text-align: center;\"><strong>NORMAS DE FUNCIONAMIENTO DEL COMEDOR ESCOLAR.\u00a0<\/strong><\/h2>\n<h2 style=\"text-align: center;\"><strong>C.E.I.P. GLORIA FUERTES. CURSO 2022\/2023<\/strong><\/h2><\/h1><div class=\"title-sep-container title-sep-container-right\"><div class=\"title-sep sep-double sep-solid\" style=\"border-color:#03a9f4;\"><\/div><\/div><\/div><div class=\"fusion-text fusion-text-2\" style=\"transform:translate3d(0,0,0);\"><h2><\/h2>\n<ol>\n<li style=\"font-weight: 400;\" aria-level=\"1\"><span style=\"font-weight: 400;\">Todo el alumnado usuario de Comedor Escolar de Educaci\u00f3n Infantil ser\u00e1 recogidos a las 13:50 aproximadamente por\u00a0 sus Monitoras correspondientes que lo trasladar\u00e1n al Comedor.\u00a0<\/span><\/li>\n<li style=\"font-weight: 400;\" aria-level=\"1\"><span style=\"font-weight: 400;\">Todo el alumnado usuario de Comedor Escolar de Educaci\u00f3n Primaria ser\u00e1 recogido a las 14:00 horas en el patio central del Colegio por la Monitora de comedor que se le asigne, una vez que suene la m\u00fasica que marca el horario general de salida, donde se les pasar\u00e1 lista y ser\u00e1n trasladados al\u00a0 Comedor. Cuando lleguen all\u00ed se deber\u00e1n lavar las manos para comer y\u00a0 resolver sus necesidades fisiol\u00f3gicas.<\/span><\/li>\n<li style=\"font-weight: 400;\" aria-level=\"1\"><span style=\"font-weight: 400;\">El n\u00famero de usuarios y usuarias de Comedor Escolar ser\u00e1 repartido proporcionalmente entre las Monitoras de comedor, atendiendo a las distintas necesidades que se generen.<\/span><\/li>\n<\/ol>\n<ol start=\"4\">\n<li><span style=\"font-weight: 400;\"> La entrada al comedor se har\u00e1 por grupos con orden y tranquilidad, sin correr, empujar o gritar. Antes de entrar al comedor se dejar\u00e1n , el material escolar, abrigos, etc. en el lugar destinado para ello. Durante la comida se deber\u00e1 trabajar la educaci\u00f3n en la mesa.<\/span><\/li>\n<li><span style=\"font-weight: 400;\">Cada Monitora distribuir\u00e1 dentro del comedor a su grupo, siempre en la misma zona, ocupando diariamente las mismas mesas y las mismas sillas.<\/span><\/li>\n<li><span style=\"font-weight: 400;\">Existir\u00e1 un men\u00fa mensual, publicado en la entrada y en la web del centro y de la empresa de comedor, que deber\u00e1 ser respetado por la empresa de catering para que las familias puedan planificar el men\u00fa de casa en la idea de complementar la pretendida dieta sana y equilibrada.<\/span><\/li>\n<li><span style=\"font-weight: 400;\">Se ofrecer\u00e1n men\u00fas alternativos al alumnado del centro que, con previo aviso y justificadamente, as\u00ed lo necesiten por problemas de salud y\/o creencias religiosas.<\/span><\/li>\n<li><span style=\"font-weight: 400;\">Durante el tiempo de comida el alumnado no deber\u00e1 levantarse al ba\u00f1o, a no ser por causa de indisposici\u00f3n urgente o enfermedad cr\u00f3nica y siempre con el permiso y la vigilancia de la Monitora que corresponda.<\/span><\/li>\n<li><span style=\"font-weight: 400;\">Se deber\u00e1 respetar, por parte del alumnado, cualquier mobiliario y\/o equipamiento que el comedor tenga, evit\u00e1ndose los golpes, ara\u00f1azos y pintadas. Se impedir\u00e1 tambi\u00e9n jugar con el menaje y la comida, as\u00ed como el balanceo sobre las sillas.<\/span><\/li>\n<li><span style=\"font-weight: 400;\">Se vigilar\u00e1 especialmente por parte de las Monitoras que los ni\u00f1os\/as no se tiren el pan, el agua o cualquier resto de comida, y que no arrojen nada al suelo.<\/span><\/li>\n<li><span style=\"font-weight: 400;\">Queda expresamente restringido el acceso del alumnado a la cocina, antes, durante y despu\u00e9s de la comida. Cualquier petici\u00f3n o necesidad que tengan se har\u00e1 a trav\u00e9s de su Monitora.<\/span><\/li>\n<li><span style=\"font-weight: 400;\">La recogida de los alumn@s se podr\u00e1 realizar a partir de las 14,50 horas ( EL ALUMNADO NO SALDR\u00c1 HASTA QUE NO FINALICE DE COMER POR LO QUE ESTA HORA ES ORIENTATIVA). La recogida se realizar\u00e1 en la cancela de salida donde una de las monitoras y a trav\u00e9s de comunicaci\u00f3n de l\u00ednea interna solicitar\u00e1 a otra monitora que salga con su hijo\/a..<\/span><\/li>\n<li><span style=\"font-weight: 400;\">Con el fin de garantizar la seguridad de los ni\u00f1os\/as S\u00d3LO SE ENTREGAR\u00c1N LOS ALUMNOS\/AS A LOS PADRES\/ MADRES\/ TUTORES O PERSONAS AUTORIZADAS.<\/span><\/li>\n<li><span style=\"font-weight: 400;\">La hora final de recogida de los alumnos\/as ser\u00e1 a las 16:00 horas donde pasar\u00e1n a las Actividades Extraescolares en las que est\u00e9n apuntados. Solicitamos por la presente la mayor puntualidad posible y no pasar de esta hora para recoger a los ni\u00f1os\/as.<\/span><\/li>\n<li><span style=\"font-weight: 400;\">Asimismo, esperamos su paciencia y comprensi\u00f3n a la hora de la salida de los alumnos\/as puesto que el n\u00famero de monitoras es limitado y el de alumnos\/as muy numeroso.<\/span><\/li>\n<li><span style=\"font-weight: 400;\">Si se produjera una recogida y el ni\u00f1o o la ni\u00f1a en cuesti\u00f3n no hubiese terminado de comer a\u00fan, la familia deber\u00e1 esperar fuera a que finalice, no pudiendo acceder al interior del Comedor para darle de comer ni para otros asuntos.<\/span><\/li>\n<li><span style=\"font-weight: 400;\">El seguimiento del \u201cc\u00f3mo ha comido\u201d\/incidencias, ser\u00e1 realizado a diario por la Monitora de Comedor a trav\u00e9s un n\u00famero de color que corresponder\u00e1 al plato que ha comido (1 \u2013 PRIMER PLATO, 2 \u2013 SEGUNDO PLATO y P \u2013 POSTRE) que llevar\u00e1 a la salida cada ni\u00f1o\/a pintado (se dotar\u00e1n de rotuladores adecuados) en su brazo, con la siguiente interpretaci\u00f3n:<\/span><\/li>\n<\/ol>\n<ul>\n<li style=\"font-weight: 400;\" aria-level=\"1\"><span style=\"font-weight: 400;\">N\u00daMERO DE COLOR VERDE: \u201cHa comido BIEN\u201d.<\/span><\/li>\n<li style=\"font-weight: 400;\" aria-level=\"1\"><span style=\"font-weight: 400;\">N\u00daMERO DE COLOR ROJO: \u201cHa comido MAL\u201d.<\/span><\/li>\n<li style=\"font-weight: 400;\" aria-level=\"1\"><span style=\"font-weight: 400;\">N\u00daMERO DE COLOR NARANJA: \u201cHa comido REGULAR\u201d.<\/span><\/li>\n<\/ul>\n<ol start=\"18\">\n<li><span style=\"font-weight: 400;\">Se deber\u00e1n evitar por parte de las familias las consultas a las Monitoras a la hora de salir para que \u00e9stas puedan seguir desarrollando sus tareas de atenci\u00f3n al alumnado que a\u00fan permanece en el interior del Comedor.<\/span><\/li>\n<li><span style=\"font-weight: 400;\">Las Monitoras no pueden recepcionar ning\u00fan documento relacionado con el Comedor Escolar ni con el Centro. <\/span><b>Cualquier modificaci\u00f3n, baja o alta se comunicar\u00e1 a la empresa adjudicataria del Servicio de Comedor Catering Luis Sosa a trav\u00e9s del correo electr\u00f3nico catering.luis.sosa@luisrestauracion.es<\/b><span style=\"font-weight: 400;\">, adem\u00e1s de a la Secretar\u00eda del Centro.<\/span><\/li>\n<li><span style=\"font-weight: 400;\">Existir\u00e1 un servicio de botiqu\u00edn para uso exclusivo del todo el personal de Comedor, que est\u00e1 situado en el servicio de las Monitoras. Cualquier producto de botiqu\u00edn que pueda faltar deber\u00e1 ser encargado a la persona encargada de la Coordinaci\u00f3n del Plan de Apertura de Centro para su reposici\u00f3n.<\/span><\/li>\n<li><span style=\"font-weight: 400;\">El alumnado usuario de Comedor que reiteradamente hiciera un uso inadecuado de este servicio ser\u00e1 citado por la Direcci\u00f3n del centro para la oportuna amonestaci\u00f3n\/correcci\u00f3n.<\/span><\/li>\n<li><span style=\"font-weight: 400;\">Las familias del alumnado usuario de Comedor deber\u00e1 respetar la organizaci\u00f3n y el funcionamiento prevista para este Comedor.<\/span><\/li>\n<li><span style=\"font-weight: 400;\">Las Monitoras del Comedor que tengan ni\u00f1os\/as que contin\u00faen en alg\u00fan Taller del Servicio de Actividades Extraescolares a partir de las 16:00 horas, dejar\u00e1n a \u00e9stos\/as con su Monitor\/a de Actividad Extraescolar.<\/span><\/li>\n<li><span style=\"font-weight: 400;\">La familia que decida cambiar a un ni\u00f1o\/a de Actividad Extraescolar (hora y\/o d\u00eda) deber\u00e1 avisar a la Monitora de Comedor para que pueda entregarlo al Taller que corresponda y no a otro, adem\u00e1s de tramitar el cambio, claro, por escrito a trav\u00e9s de la Secretar\u00eda del Centro.<\/span><\/li>\n<li><span style=\"font-weight: 400;\">En el tiempo que quede disponible tras las comidas el alumnado permanecer\u00e1 en el espacio que se le asigne atendido por el personal de Monitoras; quienes podr\u00e1n organizarles diversos juegos y entretenimientos que no resulten violentos, discriminatorios, ni peligrosos.<\/span><\/li>\n<li><span style=\"font-weight: 400;\">Durante el Servicio de Comedor no se podr\u00e1n administrar ning\u00fan tipo de medicamentos al alumnado por parte de las Monitoras.<\/span><\/li>\n<li><span style=\"font-weight: 400;\">Los alumnos\/as que no hayan asistido a la Jornada Escolar no podr\u00e1n acceder al Comedor.<\/span><\/li>\n<li><span style=\"font-weight: 400;\">Cualquier incidencia en el funcionamiento del Comedor ser\u00e1 comunicada a la mayor brevedad posible a la Direcci\u00f3n del Centro.<\/span><\/li>\n<li><span style=\"font-weight: 400;\">La Direcci\u00f3n del Centro y la Coordinaci\u00f3n del Plan de Apertura de Centro velar\u00e1 por el cumplimiento de las normas de convivencia, sanidad e higiene en el funcionamiento y la organizaci\u00f3n del Comedor Escolar.<\/span><\/li>\n<\/ol>\n<\/div><\/div><\/div><style type=\"text\/css\">.fusion-body .fusion-builder-column-0{width:100% !important;margin-top : 0px;margin-bottom : 20px;}.fusion-builder-column-0 > .fusion-column-wrapper {padding-top : 0px !important;padding-right : 0px !important;margin-right : 1.92%;padding-bottom : 0px !important;padding-left : 0px !important;margin-left : 1.92%;}@media only screen and (max-width:1024px) {.fusion-body .fusion-builder-column-0{width:100% !important;order : 0;}.fusion-builder-column-0 > .fusion-column-wrapper {margin-right : 1.92%;margin-left : 1.92%;}}@media only screen and (max-width:640px) {.fusion-body .fusion-builder-column-0{width:100% !important;order : 0;}.fusion-builder-column-0 > .fusion-column-wrapper {margin-right : 1.92%;margin-left : 1.92%;}}<\/style><\/div><style type=\"text\/css\">.fusion-body .fusion-flex-container.fusion-builder-row-1{ padding-top : 0px;margin-top : 0px;padding-right : 0px;padding-bottom : 0px;margin-bottom : 0px;padding-left : 0px;}<\/style><\/div>\n","protected":false},"excerpt":{"rendered":"","protected":false},"author":1,"featured_media":0,"parent":0,"menu_order":0,"comment_status":"closed","ping_status":"closed","template":"","meta":{"footnotes":""},"class_list":["post-83","page","type-page","status-publish","hentry"],"_links":{"self":[{"href":"https:\/\/www.ceipgloriafuertes.org\/index.php\/wp-json\/wp\/v2\/pages\/83","targetHints":{"allow":["GET"]}}],"collection":[{"href":"https:\/\/www.ceipgloriafuertes.org\/index.php\/wp-json\/wp\/v2\/pages"}],"about":[{"href":"https:\/\/www.ceipgloriafuertes.org\/index.php\/wp-json\/wp\/v2\/types\/page"}],"author":[{"embeddable":true,"href":"https:\/\/www.ceipgloriafuertes.org\/index.php\/wp-json\/wp\/v2\/users\/1"}],"replies":[{"embeddable":true,"href":"https:\/\/www.ceipgloriafuertes.org\/index.php\/wp-json\/wp\/v2\/comments?post=83"}],"version-history":[{"count":7,"href":"https:\/\/www.ceipgloriafuertes.org\/index.php\/wp-json\/wp\/v2\/pages\/83\/revisions"}],"predecessor-version":[{"id":982,"href":"https:\/\/www.ceipgloriafuertes.org\/index.php\/wp-json\/wp\/v2\/pages\/83\/revisions\/982"}],"wp:attachment":[{"href":"https:\/\/www.ceipgloriafuertes.org\/index.php\/wp-json\/wp\/v2\/media?parent=83"}],"curies":[{"name":"wp","href":"https:\/\/api.w.org\/{rel}","templated":true}]}}