{"id":77,"date":"2022-07-22T09:25:21","date_gmt":"2022-07-22T09:25:21","guid":{"rendered":"https:\/\/www.ceipgloriafuertes.org\/?page_id=77"},"modified":"2022-07-22T09:25:30","modified_gmt":"2022-07-22T09:25:30","slug":"aula-matinal","status":"publish","type":"page","link":"https:\/\/www.ceipgloriafuertes.org\/index.php\/aula-matinal\/","title":{"rendered":"Aula Matinal"},"content":{"rendered":"<div class=\"fusion-fullwidth fullwidth-box fusion-builder-row-1 fusion-flex-container nonhundred-percent-fullwidth non-hundred-percent-height-scrolling\" style=\"background-color: rgba(255,255,255,0);background-position: center center;background-repeat: no-repeat;border-width: 0px 0px 0px 0px;border-color:#e2e2e2;border-style:solid;\" ><div class=\"fusion-builder-row fusion-row fusion-flex-align-items-flex-start\" style=\"max-width:1248px;margin-left: calc(-4% \/ 2 );margin-right: calc(-4% \/ 2 );\"><div class=\"fusion-layout-column fusion_builder_column fusion-builder-column-0 fusion_builder_column_1_1 1_1 fusion-flex-column\"><div class=\"fusion-column-wrapper fusion-flex-justify-content-flex-start fusion-content-layout-column\" style=\"background-position:left top;background-repeat:no-repeat;-webkit-background-size:cover;-moz-background-size:cover;-o-background-size:cover;background-size:cover;padding: 0px 0px 0px 0px;\"><style type=\"text\/css\">@media only screen and (max-width:1024px) {.fusion-title.fusion-title-1{margin-top:10px!important;margin-bottom:15px!important;}}@media only screen and (max-width:640px) {.fusion-title.fusion-title-1{margin-top:10px!important;margin-bottom:10px!important;}}<\/style><div class=\"fusion-title title fusion-title-1 fusion-title-center fusion-title-text fusion-title-size-one\" style=\"margin-top:10px;margin-bottom:15px;\"><div class=\"title-sep-container title-sep-container-left\"><div class=\"title-sep sep-single sep-solid\" style=\"border-color:#03a9f4;\"><\/div><\/div><h1 class=\"title-heading-center\" style=\"margin:0;\">Aula Matinal<\/h1><div class=\"title-sep-container title-sep-container-right\"><div class=\"title-sep sep-single sep-solid\" style=\"border-color:#03a9f4;\"><\/div><\/div><\/div><div class=\"fusion-text fusion-text-1\" style=\"transform:translate3d(0,0,0);\"><p><b>\u00bfQu\u00e9 es?<\/b><\/p>\n<p><b>Es un servicio destinado principalmente a aquellas familias cuyo horario de entrada laboral impedir\u00eda o dificultar\u00eda el acompa\u00f1amiento de los\/as menores hasta el colegio.<\/b><\/p>\n<p><b>\u00bfQu\u00e9 horario tiene?<\/b><\/p>\n<p><b>Funciona desde las 7:30 hasta las 9:00 horas.<\/b><\/p>\n<p><b>\u00bfCu\u00e1ndo puedo solicitar su uso?<\/b><\/p>\n<p><b>Puede solicitarse desde la formalizaci\u00f3n de matr\u00edcula y a lo largo del curso cuando sus circunstancias lo requieran.<\/b><\/p>\n<p><b>\u00bfTengo que solicitarla todo el curso?<\/b><\/p>\n<p><b>Puede solicitarse para todo el curso, para meses determinados, para d\u00edas fijos al mes o para uso espor\u00e1dico (este \u00faltimo siempre que se avise con un m\u00ednimo de 3 d\u00edas lectivos anteriores a su uso, y deber\u00e1 rellenar un documento que se le proporcionar\u00e1 en Secretar\u00eda).<\/b><\/p>\n<p><b>\u00bfQu\u00e9 empresa lleva a cabo este servicio?<\/b><\/p>\n<p><b>El presente curso 2022\/2023 la empresa que lleva a cabo el servicio de Aula Matinal es GP Servicios Educativos.<\/b><\/p>\n<p><img decoding=\"async\" class=\"size-full wp-image-78 aligncenter\" src=\"https:\/\/www.ceipgloriafuertes.org\/wp-content\/uploads\/2022\/07\/unnamed.png\" alt=\"\" width=\"377\" height=\"237\" srcset=\"https:\/\/www.ceipgloriafuertes.org\/wp-content\/uploads\/2022\/07\/unnamed-200x126.png 200w, https:\/\/www.ceipgloriafuertes.org\/wp-content\/uploads\/2022\/07\/unnamed-300x189.png 300w, https:\/\/www.ceipgloriafuertes.org\/wp-content\/uploads\/2022\/07\/unnamed-320x202.png 320w, https:\/\/www.ceipgloriafuertes.org\/wp-content\/uploads\/2022\/07\/unnamed.png 377w\" sizes=\"(max-width: 377px) 100vw, 377px\" \/><\/p>\n<p><b>\u00bfCu\u00e1nto me costar\u00e1?<\/b><\/p>\n<p><b>Su precio viene dado desde la Administraci\u00f3n y est\u00e1 sujeto a bonificaciones seg\u00fan la renta familiar. Estar\u00e1 especificado en el apartado correspondiente de esta secci\u00f3n ya que cambia cada curso. Para el curso 2022\/2023 el\u00a0 precio por mes del servicio es:<\/b><\/p>\n<ul>\n<li aria-level=\"1\"><b>Precio mensual: 16,10 \u20ac sin bonificaci\u00f3n<\/b><\/li>\n<\/ul>\n<ul>\n<li aria-level=\"1\"><b>Precio por d\u00eda: 1, 23 \u20ac .\u00a0<\/b><\/li>\n<\/ul>\n<p><b>\u00bfY si despu\u00e9s no lo necesito?<\/b><\/p>\n<p><b>Basta con notificarlo por escrito en la Secretar\u00eda del Centro, para cursar la baja con quince d\u00edas de antelaci\u00f3n y se les informar\u00e1 de cu\u00e1ndo se hace efectiva a efectos de cobro.<\/b><\/p>\n<p><b>La bonificaci\u00f3n que pudiera corresponder a cada uno de los Servicios deber\u00e1 solicitarse del 1 al 7 de Septiembre en el modelo Anexo V que se facilitar\u00e1 en Secretar\u00eda.<\/b><\/p>\n<\/div><\/div><\/div><style type=\"text\/css\">.fusion-body .fusion-builder-column-0{width:100% !important;margin-top : 0px;margin-bottom : 20px;}.fusion-builder-column-0 > .fusion-column-wrapper {padding-top : 0px !important;padding-right : 0px !important;margin-right : 1.92%;padding-bottom : 0px !important;padding-left : 0px !important;margin-left : 1.92%;}@media only screen and (max-width:1024px) {.fusion-body .fusion-builder-column-0{width:100% !important;order : 0;}.fusion-builder-column-0 > .fusion-column-wrapper {margin-right : 1.92%;margin-left : 1.92%;}}@media only screen and (max-width:640px) {.fusion-body .fusion-builder-column-0{width:100% !important;order : 0;}.fusion-builder-column-0 > .fusion-column-wrapper {margin-right : 1.92%;margin-left : 1.92%;}}<\/style><\/div><style type=\"text\/css\">.fusion-body .fusion-flex-container.fusion-builder-row-1{ padding-top : 0px;margin-top : 0px;padding-right : 0px;padding-bottom : 0px;margin-bottom : 0px;padding-left : 0px;}<\/style><\/div>\n","protected":false},"excerpt":{"rendered":"","protected":false},"author":1,"featured_media":0,"parent":0,"menu_order":0,"comment_status":"closed","ping_status":"closed","template":"","meta":{"footnotes":""},"class_list":["post-77","page","type-page","status-publish","hentry"],"_links":{"self":[{"href":"https:\/\/www.ceipgloriafuertes.org\/index.php\/wp-json\/wp\/v2\/pages\/77","targetHints":{"allow":["GET"]}}],"collection":[{"href":"https:\/\/www.ceipgloriafuertes.org\/index.php\/wp-json\/wp\/v2\/pages"}],"about":[{"href":"https:\/\/www.ceipgloriafuertes.org\/index.php\/wp-json\/wp\/v2\/types\/page"}],"author":[{"embeddable":true,"href":"https:\/\/www.ceipgloriafuertes.org\/index.php\/wp-json\/wp\/v2\/users\/1"}],"replies":[{"embeddable":true,"href":"https:\/\/www.ceipgloriafuertes.org\/index.php\/wp-json\/wp\/v2\/comments?post=77"}],"version-history":[{"count":2,"href":"https:\/\/www.ceipgloriafuertes.org\/index.php\/wp-json\/wp\/v2\/pages\/77\/revisions"}],"predecessor-version":[{"id":80,"href":"https:\/\/www.ceipgloriafuertes.org\/index.php\/wp-json\/wp\/v2\/pages\/77\/revisions\/80"}],"wp:attachment":[{"href":"https:\/\/www.ceipgloriafuertes.org\/index.php\/wp-json\/wp\/v2\/media?parent=77"}],"curies":[{"name":"wp","href":"https:\/\/api.w.org\/{rel}","templated":true}]}}