{"id":656,"date":"2023-03-07T10:16:23","date_gmt":"2023-03-07T10:16:23","guid":{"rendered":"https:\/\/www.ceipgloriafuertes.org\/?page_id=656"},"modified":"2023-03-07T12:03:45","modified_gmt":"2023-03-07T12:03:45","slug":"presentacion-electronica-general-en-centros-educativos-tutoriales","status":"publish","type":"page","link":"https:\/\/www.ceipgloriafuertes.org\/index.php\/presentacion-electronica-general-en-centros-educativos-tutoriales\/","title":{"rendered":"PRESENTACI\u00d3N ELECTR\u00d3NICA GENERAL EN CENTROS EDUCATIVOS (Tutoriales)"},"content":{"rendered":"<div class=\"fusion-fullwidth fullwidth-box fusion-builder-row-1 fusion-flex-container nonhundred-percent-fullwidth non-hundred-percent-height-scrolling\" style=\"background-color: rgba(255,255,255,0);background-position: center center;background-repeat: no-repeat;border-width: 0px 0px 0px 0px;border-color:#e2e2e2;border-style:solid;\" ><div class=\"fusion-builder-row fusion-row fusion-flex-align-items-flex-start\" style=\"max-width:1248px;margin-left: calc(-4% \/ 2 );margin-right: calc(-4% \/ 2 );\"><div class=\"fusion-layout-column fusion_builder_column fusion-builder-column-0 fusion_builder_column_1_1 1_1 fusion-flex-column\"><div class=\"fusion-column-wrapper fusion-flex-justify-content-flex-start fusion-content-layout-column\" style=\"background-position:left top;background-repeat:no-repeat;-webkit-background-size:cover;-moz-background-size:cover;-o-background-size:cover;background-size:cover;padding: 0px 0px 0px 0px;\"><style type=\"text\/css\">@media only screen and (max-width:1024px) {.fusion-title.fusion-title-1{margin-top:10px!important;margin-bottom:15px!important;}}@media only screen and (max-width:640px) {.fusion-title.fusion-title-1{margin-top:10px!important;margin-bottom:10px!important;}}<\/style><div class=\"fusion-title title fusion-title-1 sep-underline sep-solid fusion-title-center fusion-title-text fusion-title-size-one\" style=\"border-bottom-color:#ff9800;margin-top:10px;margin-bottom:15px;\"><h1 class=\"title-heading-center\" style=\"margin:0;\">PRESENTACI\u00d3N ELECTR\u00d3NICA GENERAL EN CENTROS EDUCATIVOS (Tutoriales)<\/h1><\/div><div class=\"fusion-text fusion-text-1\" style=\"transform:translate3d(0,0,0);\"><p style=\"text-align: center;\"><span style=\"color: #0000ff;\"><a style=\"color: #0000ff;\" href=\"https:\/\/www.juntadeandalucia.es\/educacion\/secretariavirtual\/accesoTramite\/462\/\"><b>ACCESO A SECRETAR\u00cdA VIRTUAL<\/b><\/a><\/span><\/p>\n<\/div><div class=\"fusion-text fusion-text-2\" style=\"transform:translate3d(0,0,0);\"><h4 style=\"text-align: center;\"><b>Como acceder a la secretar\u00eda virtual de los centros educativos andaluces con el nuevo Identificador Andaluz Educativo (iANDE), d\u00f3nde encontrarlo o c\u00f3mo solicitarlo.<\/b><\/h4>\n<\/div><div class=\"fusion-video fusion-youtube\" style=\"max-width:600px;max-height:360px;align-self:center; width:100%\"><div class=\"video-shortcode\"><iframe title=\"YouTube video player\" src=\"https:\/\/www.youtube.com\/embed\/p8bqMdBsLd4?wmode=transparent&autoplay=0\" width=\"600\" height=\"360\" allowfullscreen allow=\"autoplay; fullscreen\"><\/iframe><\/div><\/div><div class=\"fusion-text fusion-text-3\" style=\"transform:translate3d(0,0,0);\"><p style=\"text-align: center;\"><b>Descripci\u00f3n del procedimiento de presentaci\u00f3n de solicitud telem\u00e1tica de admisi\u00f3n en los centros educativos andaluces.<\/b><\/p>\n<\/div><div class=\"fusion-video fusion-youtube\" style=\"max-width:600px;max-height:360px;align-self:center; width:100%\"><div class=\"video-shortcode\"><iframe title=\"YouTube video player\" src=\"https:\/\/www.youtube.com\/embed\/ksm-g4kbVnQ?wmode=transparent&autoplay=0\" width=\"600\" height=\"360\" allowfullscreen allow=\"autoplay; fullscreen\"><\/iframe><\/div><\/div><div class=\"fusion-text fusion-text-4\" style=\"transform:translate3d(0,0,0);\"><p style=\"text-align: center;\"><b>Descripci\u00f3n del procedimiento de presentaci\u00f3n de solicitud telem\u00e1tica de admisi\u00f3n en los centros educativos andaluces (sin certificado digital)<\/b><\/p>\n<\/div><div class=\"fusion-video fusion-youtube\" style=\"max-width:600px;max-height:360px;align-self:center; width:100%\"><div class=\"video-shortcode\"><iframe title=\"YouTube video player\" src=\"https:\/\/www.youtube.com\/embed\/0jzsoje-GyQ?wmode=transparent&autoplay=0\" width=\"600\" height=\"360\" allowfullscreen allow=\"autoplay; fullscreen\"><\/iframe><\/div><\/div><div class=\"fusion-text fusion-text-5\" style=\"transform:translate3d(0,0,0);\"><h4 style=\"text-align: center;\"><b>Descripci\u00f3n del procedimiento de presentaci\u00f3n general de documentos en los centros educativos andaluces: ayudas, escritos\u2026<\/b><\/h4>\n<p style=\"text-align: center;\"><b>(NO para Escolarizaci\u00f3n y Matriculaci\u00f3n, que tienen su tr\u00e1mite espec\u00edfico )<\/b><\/p>\n<\/div><div class=\"fusion-video fusion-youtube\" style=\"max-width:600px;max-height:360px;align-self:center; width:100%\"><div class=\"video-shortcode\"><iframe title=\"YouTube video player\" src=\"https:\/\/www.youtube.com\/embed\/6qnpRCkgJxQ?wmode=transparent&autoplay=0\" width=\"600\" height=\"360\" allowfullscreen allow=\"autoplay; fullscreen\"><\/iframe><\/div><\/div><style type=\"text\/css\">@media only screen and (max-width:1024px) {.fusion-title.fusion-title-2{margin-top:10px!important;margin-bottom:15px!important;}}@media only screen and (max-width:640px) {.fusion-title.fusion-title-2{margin-top:10px!important;margin-bottom:10px!important;}}<\/style><div class=\"fusion-title title fusion-title-2 sep-underline sep-solid fusion-title-center fusion-title-text fusion-title-size-one\" style=\"border-bottom-color:#ff9800;margin-top:10px;margin-bottom:15px;\"><h1 class=\"title-heading-center\" style=\"margin:0;\"><p style=\"text-align: center;\"><b>NUEVA PRESENTACIO\u0301N ELECTRO\u0301NICA GENERAL PARA LOS CENTROS<\/b><\/p><\/h1><\/div><div class=\"fusion-text fusion-text-6\" style=\"transform:translate3d(0,0,0);\"><p><span style=\"font-weight: 400;\">Se ha puesto a disposicio\u0301n de la comunidad educativa a trave\u0301s de la Secretari\u0301a Virtual, un nuevo servicio que permite presentar documentos, escritos y solicitudes diversas en el registro electro\u0301nico de los centros.<\/span><\/p>\n<p><span style=\"font-weight: 400;\">Este nuevo servicio se llama \u00abPresentacio\u0301n Electro\u0301nica General\u00bb (PEG) y previa autenticacio\u0301n, permite que cualquier persona desde internet, presente documentos en el \u00abRegistro Electro\u0301nico de Entrada\u00bb de los centros, <\/span><b>SIN TENER QUE DESPLAZARSE AL CENTRO.<\/b><\/p>\n<p><span style=\"font-weight: 400;\">Acceso: <\/span><span style=\"color: #0000ff;\"><a style=\"color: #0000ff;\" href=\"https:\/\/www.juntadeandalucia.es\/educacion\/secretariavirtual\/solicitudes\/\"><span style=\"font-weight: 400;\">https:\/\/www.juntadeandalucia.es\/educacion\/secretariavirtual\/solicitudes\/<\/span><\/a><\/span><\/p>\n<\/div><div style=\"text-align:center;\"><span class=\" fusion-imageframe imageframe-dropshadow imageframe-1 hover-type-none\" style=\"-webkit-box-shadow: 4px 4px 8px rgba(0,0,0,0.3);box-shadow: 4px 4px 8px rgba(0,0,0,0.3);\"><img decoding=\"async\" width=\"512\" height=\"289\" title=\"unnamed\" src=\"https:\/\/www.ceipgloriafuertes.org\/wp-content\/uploads\/2023\/03\/unnamed.png\" class=\"img-responsive wp-image-661\" srcset=\"https:\/\/www.ceipgloriafuertes.org\/wp-content\/uploads\/2023\/03\/unnamed-200x113.png 200w, https:\/\/www.ceipgloriafuertes.org\/wp-content\/uploads\/2023\/03\/unnamed-400x226.png 400w, https:\/\/www.ceipgloriafuertes.org\/wp-content\/uploads\/2023\/03\/unnamed.png 512w\" sizes=\"(max-width: 640px) 100vw, 512px\" \/><\/span><\/div><div class=\"fusion-text fusion-text-7\" style=\"transform:translate3d(0,0,0);\"><p><b>IMPORTANTE:<\/b><\/p>\n<p><span style=\"font-weight: 400;\">Este formulario <\/span><b>NO es para presentar solicitudes del procedimiento de admisio\u0301n y<\/b><\/p>\n<p><b>matri\u0301cula<\/b><span style=\"font-weight: 400;\"> en los centros educativos.<\/span><\/p>\n<p><span style=\"font-weight: 400;\">Esta utilidad facilita a la comunidad educativa la presentacio\u0301n de escritos y documentos en los centros educativos para tra\u0301mites que no dispongan ya de un tra\u0301mite especi\u0301fico disponible en la Secretari\u0301a Virtual.<\/span><\/p>\n<p><span style=\"font-weight: 400;\">Hay tres posibilidades de acceder para realizar el tra\u0301mite:<\/span><\/p>\n<ol>\n<li><span style=\"font-weight: 400;\"> Certificado Digital.<\/span><\/li>\n<li><b>AUTENTICACIO\u0301N &#8211; IDEA (CON USUARIO Y CONTRASEN\u0303A DE PASEN\/SE\u0301NECA).<\/b><\/li>\n<li><span style=\"font-weight: 400;\"> Autenticacio\u0301n \u2013 Cl@ve (DNI electro\u0301nico&#8230;.)<\/span><\/li>\n<\/ol>\n<\/div><div style=\"text-align:center;\"><span class=\" fusion-imageframe imageframe-dropshadow imageframe-2 hover-type-none\" style=\"-webkit-box-shadow: 4px 4px 8px rgba(0,0,0,0.3);box-shadow: 4px 4px 8px rgba(0,0,0,0.3);\"><img decoding=\"async\" width=\"512\" height=\"287\" title=\"unnamed (1)\" src=\"https:\/\/www.ceipgloriafuertes.org\/wp-content\/uploads\/2023\/03\/unnamed-1.png\" class=\"img-responsive wp-image-662\" srcset=\"https:\/\/www.ceipgloriafuertes.org\/wp-content\/uploads\/2023\/03\/unnamed-1-200x112.png 200w, https:\/\/www.ceipgloriafuertes.org\/wp-content\/uploads\/2023\/03\/unnamed-1-400x224.png 400w, https:\/\/www.ceipgloriafuertes.org\/wp-content\/uploads\/2023\/03\/unnamed-1.png 512w\" sizes=\"(max-width: 640px) 100vw, 512px\" \/><\/span><\/div><div class=\"fusion-text fusion-text-8\" style=\"transform:translate3d(0,0,0);\"><p><b>RECOMENDAMOS EL USO DE LA OPCIO\u0301N 2, IDENTIFICA\u0301NDOSE CON EL USUARIO Y CONTRASEN\u0303A DE PASEN O SE\u0301NECA<\/b><\/p>\n<\/div><div class=\"fusion-text fusion-text-9\" style=\"transform:translate3d(0,0,0);\"><p><span style=\"font-weight: 400;\">Tras identificarnos con alguna de las tres posibilidades indicadas, pinchamos en <\/span><span style=\"color: #008000;\"><strong>Siguiente<\/strong><\/span><\/p>\n<\/div><div style=\"text-align:center;\"><span class=\" fusion-imageframe imageframe-dropshadow imageframe-3 hover-type-none\" style=\"-webkit-box-shadow: 4px 4px 8px rgba(0,0,0,0.3);box-shadow: 4px 4px 8px rgba(0,0,0,0.3);\"><img decoding=\"async\" width=\"512\" height=\"220\" title=\"unnamed (2)\" src=\"https:\/\/www.ceipgloriafuertes.org\/wp-content\/uploads\/2023\/03\/unnamed-2.png\" class=\"img-responsive wp-image-663\" srcset=\"https:\/\/www.ceipgloriafuertes.org\/wp-content\/uploads\/2023\/03\/unnamed-2-200x86.png 200w, https:\/\/www.ceipgloriafuertes.org\/wp-content\/uploads\/2023\/03\/unnamed-2-400x172.png 400w, https:\/\/www.ceipgloriafuertes.org\/wp-content\/uploads\/2023\/03\/unnamed-2.png 512w\" sizes=\"(max-width: 640px) 100vw, 512px\" \/><\/span><\/div><div class=\"fusion-text fusion-text-10\" style=\"transform:translate3d(0,0,0);\"><p style=\"text-align: center;\"><b>PA\u0301GINA 1: DATOS PERSONALES<\/b><\/p>\n<p><span style=\"font-weight: 400;\">Nos aparece una pantalla con nuestros datos personales, donde tenemos que completar nuestra direccio\u0301n, tele\u0301fono y correo electro\u0301nico, pinchamos en<\/span><\/p>\n<p><span style=\"font-weight: 400;\">\u00a0\u00a0\u00a0<\/span><\/p>\n<p style=\"text-align: center;\"><span style=\"color: #ff9900;\"><strong>Guardar\u00a0 <\/strong><\/span><span style=\"font-weight: 400;\">\u00a0\u00a0\u00a0\u00a0\u00a0\u00a0\u00a0\u00a0\u00a0\u00a0\u00a0\u00a0\u00a0\u00a0\u00a0\u00a0y \u00a0 \u00a0 \u00a0 \u00a0 \u00a0 \u00a0 \u00a0 \u00a0 \u00a0 \u00a0 \u00a0 \u00a0 <\/span><span style=\"color: #008000;\"><strong>Siguiente<\/strong><\/span><\/p>\n<p style=\"text-align: center;\"><b>PA\u0301GINA 2: CENTRO AL QUE VA DIRI GIDALA SOLICITUD, MOTIVO Y<\/b><\/p>\n<p style=\"text-align: center;\"><b>PERSONA QUE LA PRESENTA<\/b><\/p>\n<p><span style=\"font-weight: 400;\">Seleccionamos el centro donde vamos a presentar la solicitud. En este caso, en Denominacio\u0301n escribimos FUENTEPIN\u0303A y pinchamos en la lupa. De esta forma, se rellena automa\u0301ticamente.<\/span><\/p>\n<\/div><div style=\"text-align:center;\"><span class=\" fusion-imageframe imageframe-dropshadow imageframe-4 hover-type-none\" style=\"-webkit-box-shadow: 4px 4px 8px rgba(0,0,0,0.3);box-shadow: 4px 4px 8px rgba(0,0,0,0.3);\"><img decoding=\"async\" width=\"512\" height=\"276\" title=\"unnamed (3)\" src=\"https:\/\/www.ceipgloriafuertes.org\/wp-content\/uploads\/2023\/03\/unnamed-3.png\" class=\"img-responsive wp-image-664\" srcset=\"https:\/\/www.ceipgloriafuertes.org\/wp-content\/uploads\/2023\/03\/unnamed-3-200x108.png 200w, https:\/\/www.ceipgloriafuertes.org\/wp-content\/uploads\/2023\/03\/unnamed-3-400x216.png 400w, https:\/\/www.ceipgloriafuertes.org\/wp-content\/uploads\/2023\/03\/unnamed-3.png 512w\" sizes=\"(max-width: 640px) 100vw, 512px\" \/><\/span><\/div><div class=\"fusion-text fusion-text-11\" style=\"transform:translate3d(0,0,0);\"><p><span style=\"font-weight: 400;\">Seguidamente indicamos los motivos de nuestra solicitud y seleccionamos en el desplegable quien presenta la solicitud.<\/span><\/p>\n<\/div><div style=\"text-align:center;\"><span class=\" fusion-imageframe imageframe-dropshadow imageframe-5 hover-type-none\" style=\"-webkit-box-shadow: 4px 4px 8px rgba(0,0,0,0.3);box-shadow: 4px 4px 8px rgba(0,0,0,0.3);\"><img decoding=\"async\" width=\"512\" height=\"280\" title=\"unnamed (4)\" src=\"https:\/\/www.ceipgloriafuertes.org\/wp-content\/uploads\/2023\/03\/unnamed-4.png\" class=\"img-responsive wp-image-665\" srcset=\"https:\/\/www.ceipgloriafuertes.org\/wp-content\/uploads\/2023\/03\/unnamed-4-200x109.png 200w, https:\/\/www.ceipgloriafuertes.org\/wp-content\/uploads\/2023\/03\/unnamed-4-400x219.png 400w, https:\/\/www.ceipgloriafuertes.org\/wp-content\/uploads\/2023\/03\/unnamed-4.png 512w\" sizes=\"(max-width: 640px) 100vw, 512px\" \/><\/span><\/div><div class=\"fusion-text fusion-text-12\" style=\"transform:translate3d(0,0,0);\"><p><span style=\"font-weight: 400;\">Pinchamos en \u00a0<\/span><span style=\"font-weight: 400; color: #ff6600;\">Guardar <\/span><span style=\"font-weight: 400;\">\u00a0y \u00a0<\/span><span style=\"font-weight: 400; color: #008000;\">Siguiente<\/span><\/p>\n<\/div><div class=\"fusion-text fusion-text-13\" style=\"transform:translate3d(0,0,0);\"><p style=\"text-align: center;\"><b>PA\u0301GINA 3: AN\u0303ADIR DOCUMENTACIO\u0301N<\/b><\/p>\n<p><span style=\"font-weight: 400;\">En esta pa\u0301gina vamos a incorporar la documentacio\u0301n. Para ello, seleccionamos otra documentacio\u0301n e indicamos los motivos de subida de la documentacio\u0301n (por ejemplo: solicitud de certificado de notas, solicitud de certificado de matri\u0301cula, &#8230;.).<\/span><\/p>\n<p><span style=\"font-weight: 400;\">An\u0303adimos el fichero de la documentacio\u0301n pinchando en <\/span><strong><span style=\"color: #008000;\">+ An\u0303adir fichero<\/span><\/strong><\/p>\n<p><span style=\"font-weight: 400;\">Cada fichero que an\u0303adamos debe estar en formado pdf y con un taman\u0303o ma\u0301ximo de <\/span><span style=\"font-weight: 400;\">10MB.<\/span><\/p>\n<\/div><div style=\"text-align:center;\"><span class=\" fusion-imageframe imageframe-dropshadow imageframe-6 hover-type-none\" style=\"-webkit-box-shadow: 4px 4px 8px rgba(0,0,0,0.3);box-shadow: 4px 4px 8px rgba(0,0,0,0.3);\"><img decoding=\"async\" width=\"512\" height=\"289\" title=\"unnamed (5)\" src=\"https:\/\/www.ceipgloriafuertes.org\/wp-content\/uploads\/2023\/03\/unnamed-5.png\" class=\"img-responsive wp-image-666\" srcset=\"https:\/\/www.ceipgloriafuertes.org\/wp-content\/uploads\/2023\/03\/unnamed-5-200x113.png 200w, https:\/\/www.ceipgloriafuertes.org\/wp-content\/uploads\/2023\/03\/unnamed-5-400x226.png 400w, https:\/\/www.ceipgloriafuertes.org\/wp-content\/uploads\/2023\/03\/unnamed-5.png 512w\" sizes=\"(max-width: 640px) 100vw, 512px\" \/><\/span><\/div><div class=\"fusion-text fusion-text-14\" style=\"transform:translate3d(0,0,0);\"><p><span style=\"font-weight: 400;\">Cuando hallamos an\u0303adido todos los ficheros, pinchamos en <strong><span style=\"color: #008000;\">\u00a0<\/span><\/strong><\/span><strong><span style=\"color: #008000;\">Siguiente<\/span><\/strong><\/p>\n<p style=\"text-align: center;\"><b>PA\u0301GINA 4: CONFIRMAR SOLICITUD<\/b><\/p>\n<p><span style=\"font-weight: 400;\">Ahora hay que confirmar la solicitud. Para ello hay que firmar y presentar pinchando en<\/span><\/p>\n<p style=\"text-align: center;\"><span style=\"color: #008000;\"><strong>Firmar y presentar la solicitud (SMS)<\/strong><\/span><\/p>\n<\/div><div style=\"text-align:center;\"><span class=\" fusion-imageframe imageframe-dropshadow imageframe-7 hover-type-none\" style=\"-webkit-box-shadow: 4px 4px 8px rgba(0,0,0,0.3);box-shadow: 4px 4px 8px rgba(0,0,0,0.3);\"><img decoding=\"async\" width=\"512\" height=\"291\" title=\"unnamed (6)\" src=\"https:\/\/www.ceipgloriafuertes.org\/wp-content\/uploads\/2023\/03\/unnamed-6.png\" class=\"img-responsive wp-image-667\" srcset=\"https:\/\/www.ceipgloriafuertes.org\/wp-content\/uploads\/2023\/03\/unnamed-6-200x114.png 200w, https:\/\/www.ceipgloriafuertes.org\/wp-content\/uploads\/2023\/03\/unnamed-6-400x227.png 400w, https:\/\/www.ceipgloriafuertes.org\/wp-content\/uploads\/2023\/03\/unnamed-6.png 512w\" sizes=\"(max-width: 640px) 100vw, 512px\" \/><\/span><\/div><div class=\"fusion-text fusion-text-15\" style=\"transform:translate3d(0,0,0);\"><p><span style=\"font-weight: 400;\">Introducimos el nu\u0301mero de tele\u0301fono mo\u0301vil al que queremos que nos envi\u0301en la clave para firmar.<\/span><\/p>\n<\/div><div style=\"text-align:center;\"><span class=\" fusion-imageframe imageframe-dropshadow imageframe-8 hover-type-none\" style=\"-webkit-box-shadow: 4px 4px 8px rgba(0,0,0,0.3);box-shadow: 4px 4px 8px rgba(0,0,0,0.3);\"><img decoding=\"async\" width=\"512\" height=\"260\" title=\"unnamed (8)\" src=\"https:\/\/www.ceipgloriafuertes.org\/wp-content\/uploads\/2023\/03\/unnamed-8.png\" class=\"img-responsive wp-image-668\" srcset=\"https:\/\/www.ceipgloriafuertes.org\/wp-content\/uploads\/2023\/03\/unnamed-8-200x102.png 200w, https:\/\/www.ceipgloriafuertes.org\/wp-content\/uploads\/2023\/03\/unnamed-8-400x203.png 400w, https:\/\/www.ceipgloriafuertes.org\/wp-content\/uploads\/2023\/03\/unnamed-8.png 512w\" sizes=\"(max-width: 640px) 100vw, 512px\" \/><\/span><\/div><div class=\"fusion-text fusion-text-16\" style=\"transform:translate3d(0,0,0);\"><p><span style=\"font-weight: 400;\">Con la clave recibida, firmamos la solicitud.<\/span><\/p>\n<\/div><div style=\"text-align:center;\"><span class=\" fusion-imageframe imageframe-dropshadow imageframe-9 hover-type-none\" style=\"-webkit-box-shadow: 4px 4px 8px rgba(0,0,0,0.3);box-shadow: 4px 4px 8px rgba(0,0,0,0.3);\"><img decoding=\"async\" width=\"512\" height=\"292\" title=\"unnamed (9)\" src=\"https:\/\/www.ceipgloriafuertes.org\/wp-content\/uploads\/2023\/03\/unnamed-9.png\" class=\"img-responsive wp-image-669\" srcset=\"https:\/\/www.ceipgloriafuertes.org\/wp-content\/uploads\/2023\/03\/unnamed-9-200x114.png 200w, https:\/\/www.ceipgloriafuertes.org\/wp-content\/uploads\/2023\/03\/unnamed-9-400x228.png 400w, https:\/\/www.ceipgloriafuertes.org\/wp-content\/uploads\/2023\/03\/unnamed-9.png 512w\" sizes=\"(max-width: 640px) 100vw, 512px\" \/><\/span><\/div><\/div><\/div><style type=\"text\/css\">.fusion-body .fusion-builder-column-0{width:100% !important;margin-top : 0px;margin-bottom : 20px;}.fusion-builder-column-0 > .fusion-column-wrapper {padding-top : 0px !important;padding-right : 0px !important;margin-right : 1.92%;padding-bottom : 0px !important;padding-left : 0px !important;margin-left : 1.92%;}@media only screen and (max-width:1024px) {.fusion-body .fusion-builder-column-0{width:100% !important;order : 0;}.fusion-builder-column-0 > .fusion-column-wrapper {margin-right : 1.92%;margin-left : 1.92%;}}@media only screen and (max-width:640px) {.fusion-body .fusion-builder-column-0{width:100% !important;order : 0;}.fusion-builder-column-0 > .fusion-column-wrapper {margin-right : 1.92%;margin-left : 1.92%;}}<\/style><\/div><style type=\"text\/css\">.fusion-body .fusion-flex-container.fusion-builder-row-1{ padding-top : 0px;margin-top : 0px;padding-right : 0px;padding-bottom : 0px;margin-bottom : 0px;padding-left : 0px;}<\/style><\/div>\n","protected":false},"excerpt":{"rendered":"","protected":false},"author":1,"featured_media":0,"parent":0,"menu_order":0,"comment_status":"closed","ping_status":"closed","template":"","meta":{"footnotes":""},"class_list":["post-656","page","type-page","status-publish","hentry"],"_links":{"self":[{"href":"https:\/\/www.ceipgloriafuertes.org\/index.php\/wp-json\/wp\/v2\/pages\/656","targetHints":{"allow":["GET"]}}],"collection":[{"href":"https:\/\/www.ceipgloriafuertes.org\/index.php\/wp-json\/wp\/v2\/pages"}],"about":[{"href":"https:\/\/www.ceipgloriafuertes.org\/index.php\/wp-json\/wp\/v2\/types\/page"}],"author":[{"embeddable":true,"href":"https:\/\/www.ceipgloriafuertes.org\/index.php\/wp-json\/wp\/v2\/users\/1"}],"replies":[{"embeddable":true,"href":"https:\/\/www.ceipgloriafuertes.org\/index.php\/wp-json\/wp\/v2\/comments?post=656"}],"version-history":[{"count":6,"href":"https:\/\/www.ceipgloriafuertes.org\/index.php\/wp-json\/wp\/v2\/pages\/656\/revisions"}],"predecessor-version":[{"id":671,"href":"https:\/\/www.ceipgloriafuertes.org\/index.php\/wp-json\/wp\/v2\/pages\/656\/revisions\/671"}],"wp:attachment":[{"href":"https:\/\/www.ceipgloriafuertes.org\/index.php\/wp-json\/wp\/v2\/media?parent=656"}],"curies":[{"name":"wp","href":"https:\/\/api.w.org\/{rel}","templated":true}]}}