{"id":182,"date":"2022-08-29T09:47:05","date_gmt":"2022-08-29T09:47:05","guid":{"rendered":"https:\/\/www.ceipgloriafuertes.org\/?page_id=182"},"modified":"2022-09-06T09:20:33","modified_gmt":"2022-09-06T09:20:33","slug":"saludos","status":"publish","type":"page","link":"https:\/\/www.ceipgloriafuertes.org\/index.php\/saludos\/","title":{"rendered":"saludos"},"content":{"rendered":"<div class=\"fusion-fullwidth fullwidth-box fusion-builder-row-1 fusion-flex-container nonhundred-percent-fullwidth non-hundred-percent-height-scrolling\" style=\"background-color: rgba(255,255,255,0);background-position: center center;background-repeat: no-repeat;border-width: 0px 0px 0px 0px;border-color:#e2e2e2;border-style:solid;\" ><div class=\"fusion-builder-row fusion-row fusion-flex-align-items-flex-start\" style=\"max-width:1248px;margin-left: calc(-4% \/ 2 );margin-right: calc(-4% \/ 2 );\"><div class=\"fusion-layout-column fusion_builder_column fusion-builder-column-0 fusion_builder_column_1_1 1_1 fusion-flex-column\"><div class=\"fusion-column-wrapper fusion-flex-justify-content-flex-start fusion-content-layout-column\" style=\"background-position:left top;background-repeat:no-repeat;-webkit-background-size:cover;-moz-background-size:cover;-o-background-size:cover;background-size:cover;padding: 0px 0px 0px 0px;\"><style type=\"text\/css\">@media only screen and (max-width:1024px) {.fusion-title.fusion-title-1{margin-top:15px!important;margin-bottom:30px!important;}}@media only screen and (max-width:640px) {.fusion-title.fusion-title-1{margin-top:10px!important;margin-bottom:10px!important;}}<\/style><div class=\"fusion-title title fusion-title-1 fusion-sep-none fusion-title-center fusion-title-text fusion-title-size-two\" style=\"margin-top:15px;margin-bottom:30px;\"><h2 class=\"title-heading-center\" style=\"margin:0;\">Saludos<\/h2><\/div><div class=\"fusion-separator\" style=\"align-self: center;margin-left: auto;margin-right: auto;margin-top:0px;margin-bottom:45px;width:100%;max-width:45%;\"><div class=\"fusion-separator-border sep-single sep-solid\" style=\"border-color:#8bc34a;border-top-width:2px;\"><\/div><\/div><style type='text\/css'>.reading-box-container-1 .element-bottomshadow:before,.reading-box-container-1 .element-bottomshadow:after{opacity:0.7;}<\/style><div class=\"fusion-reading-box-container reading-box-container-1\" style=\"margin-top:0px;margin-bottom:20px;\"><div class=\"reading-box element-bottomshadow\" style=\"background-color:#f9f9fb;border-width:1px;border-color:rgba(226,226,226,0);border-left-width:3px;border-left-color:var(--primary_color);border-style:solid;\"><div class=\"reading-box-additional\">\n<p>Estimadas familias:<\/p>\n<p>Los Maestros, Maestras, Personal de Administraci\u00f3n y Servicio, as\u00ed como el Equipo Directivo del CEIP Gloria Fuertes, queremos daros la bienvenida y agradeceros la confianza depositada en nosotros al compartir algo tan importante como es la educaci\u00f3n de vuestras hijas e hijos.<\/p>\n<p>Nos ponemos a vuestra disposici\u00f3n para mantener esa confianza y que se convierta en el motor diario de nuestra labor educativa. Deseamos compartir con vosotros el desarrollo de nuestro proyecto educativo y sobre todo que nos sintamos como una Comunidad Educativa en la que todos trabajemos conjuntamente para conseguir una educaci\u00f3n de calidad.<\/p>\n<p>Vuestra confianza y nuestro compromiso son las claves para construir una Comunidad Educativa en la que todos, sin distinci\u00f3n, colaboremos para construir un colegio tolerante, plural, abierto y moderno.<\/p>\n<p>Con mucha ilusi\u00f3n y trabajo hemos creado esta p\u00e1gina web para todos vosotros y vosotras.<\/p>\n<p>Nuestro objetivo con esta nueva iniciativa es fomentar la comunicaci\u00f3n entre todos los sectores (padres y madres, tutores\/as legales , alumnos y alumnas, profesorado y resto de personal del Centro) as\u00ed como la publicaci\u00f3n de toda la informaci\u00f3n actualizada de actividades, circulares, informaci\u00f3n importante, otras novedades\u2026 que se desarrollan en nuestro centro.<\/p>\n<p>Esperamos vuestra participaci\u00f3n activa con la esperanza de que esta herramienta sea \u00fatil para todos y optimice el proceso de colaboraci\u00f3n y cooperaci\u00f3n entre todos los sectores del proceso educativo de nuestros alumnos y alumnas.<\/p>\n<p>Un saludo cordial.<\/p>\n<p><strong>Luis Jaime Pinto Mart\u00ednez<\/strong><\/p>\n<p><strong>Director<\/strong><\/p>\n<\/div><div class=\"fusion-clearfix\"><\/div><\/div><\/div><\/div><\/div><style type=\"text\/css\">.fusion-body .fusion-builder-column-0{width:100% !important;margin-top : 0px;margin-bottom : 20px;}.fusion-builder-column-0 > .fusion-column-wrapper {padding-top : 0px !important;padding-right : 0px !important;margin-right : 1.92%;padding-bottom : 0px !important;padding-left : 0px !important;margin-left : 1.92%;}@media only screen and (max-width:1024px) {.fusion-body .fusion-builder-column-0{width:100% !important;order : 0;}.fusion-builder-column-0 > .fusion-column-wrapper {margin-right : 1.92%;margin-left : 1.92%;}}@media only screen and (max-width:640px) {.fusion-body .fusion-builder-column-0{width:100% !important;order : 0;}.fusion-builder-column-0 > .fusion-column-wrapper {margin-right : 1.92%;margin-left : 1.92%;}}<\/style><\/div><style type=\"text\/css\">.fusion-body .fusion-flex-container.fusion-builder-row-1{ padding-top : 0px;margin-top : 0px;padding-right : 0px;padding-bottom : 0px;margin-bottom : 0px;padding-left : 0px;}<\/style><\/div>\n","protected":false},"excerpt":{"rendered":"","protected":false},"author":1,"featured_media":0,"parent":0,"menu_order":0,"comment_status":"closed","ping_status":"closed","template":"","meta":{"footnotes":""},"class_list":["post-182","page","type-page","status-publish","hentry"],"_links":{"self":[{"href":"https:\/\/www.ceipgloriafuertes.org\/index.php\/wp-json\/wp\/v2\/pages\/182","targetHints":{"allow":["GET"]}}],"collection":[{"href":"https:\/\/www.ceipgloriafuertes.org\/index.php\/wp-json\/wp\/v2\/pages"}],"about":[{"href":"https:\/\/www.ceipgloriafuertes.org\/index.php\/wp-json\/wp\/v2\/types\/page"}],"author":[{"embeddable":true,"href":"https:\/\/www.ceipgloriafuertes.org\/index.php\/wp-json\/wp\/v2\/users\/1"}],"replies":[{"embeddable":true,"href":"https:\/\/www.ceipgloriafuertes.org\/index.php\/wp-json\/wp\/v2\/comments?post=182"}],"version-history":[{"count":4,"href":"https:\/\/www.ceipgloriafuertes.org\/index.php\/wp-json\/wp\/v2\/pages\/182\/revisions"}],"predecessor-version":[{"id":294,"href":"https:\/\/www.ceipgloriafuertes.org\/index.php\/wp-json\/wp\/v2\/pages\/182\/revisions\/294"}],"wp:attachment":[{"href":"https:\/\/www.ceipgloriafuertes.org\/index.php\/wp-json\/wp\/v2\/media?parent=182"}],"curies":[{"name":"wp","href":"https:\/\/api.w.org\/{rel}","templated":true}]}}