{"id":166,"date":"2022-08-04T09:40:15","date_gmt":"2022-08-04T09:40:15","guid":{"rendered":"https:\/\/www.ceipgloriafuertes.org\/?page_id=166"},"modified":"2022-08-04T09:40:15","modified_gmt":"2022-08-04T09:40:15","slug":"transformacion-digital-educativa-tde","status":"publish","type":"page","link":"https:\/\/www.ceipgloriafuertes.org\/index.php\/transformacion-digital-educativa-tde\/","title":{"rendered":"Transformaci\u00f3n Digital Educativa (TDE)"},"content":{"rendered":"<div class=\"fusion-fullwidth fullwidth-box fusion-builder-row-1 fusion-flex-container nonhundred-percent-fullwidth non-hundred-percent-height-scrolling\" style=\"background-color: rgba(255,255,255,0);background-position: center center;background-repeat: no-repeat;border-width: 0px 0px 0px 0px;border-color:#e2e2e2;border-style:solid;\" ><div class=\"fusion-builder-row fusion-row fusion-flex-align-items-flex-start\" style=\"max-width:1248px;margin-left: calc(-4% \/ 2 );margin-right: calc(-4% \/ 2 );\"><div class=\"fusion-layout-column fusion_builder_column fusion-builder-column-0 fusion_builder_column_1_1 1_1 fusion-flex-column\"><div class=\"fusion-column-wrapper fusion-flex-justify-content-flex-start fusion-content-layout-column\" style=\"background-position:left top;background-repeat:no-repeat;-webkit-background-size:cover;-moz-background-size:cover;-o-background-size:cover;background-size:cover;padding: 0px 0px 0px 0px;\"><div class=\"fusion-text fusion-text-1\" style=\"transform:translate3d(0,0,0);\"><h1 style=\"text-align: center;\"><span style=\"font-weight: 400;\">Transformaci\u00f3n Digital Educativa (TDE)<\/span><\/h1>\n<h3><b>\u00bfEn qu\u00e9 consiste TDE?<\/b><\/h3>\n<p><span style=\"font-weight: 400;\">El concepto de Transformaci\u00f3n Digital Educativa (TDE) incluye el conjunto de actuaciones orientadas a la mejora y modernizaci\u00f3n de los procesos, los procedimientos, los h\u00e1bitos y comportamientos de las organizaciones educativas y de las personas que, haciendo uso de las tecnolog\u00edas digitales, desarrollen su capacidad de hacer frente a los retos de la sociedad actual.<\/span><\/p>\n<p><span style=\"font-weight: 400;\">De esta forma, la TDE supondr\u00e1 una contribuci\u00f3n en el aprendizaje competencial, en la consecuci\u00f3n de los resultados de aprendizaje del alumnado y en el acceso a las tecnolog\u00edas desde un principio de equidad, bas\u00e1ndose en los Marcos de Referencia Europeos relativos a la competencia digital (DigCompOrg, DigCompEdu y DigComp).<\/span><\/p>\n<p><span style=\"font-weight: 400;\">\u00a0<\/span><\/p>\n<h3><b>Elementos de la TDE<\/b><\/h3>\n<p><b>Diagn\u00f3stico de la competencia digital.<\/b><\/p>\n<p><span style=\"font-weight: 400;\">A trav\u00e9s del Test CDD, el profesorado puede autodiagnosticar su nivel de competencia digital tomando como referencia el Marco DigCompEdu. Una vez realizado el Test CDD, el profesorado podr\u00e1 obtener un Informe Individual con la valoraci\u00f3n global de su nivel competencial (A1-C2) en el \u00e1mbito digital.<\/span><\/p>\n<p><b>Competencia Digital de Centro.<\/b><\/p>\n<p><span style=\"font-weight: 400;\">A trav\u00e9s de la R\u00fabrica TDE cada centro realizar\u00e1 la autoevaluaci\u00f3n de la competencia digital del centro tomando como referencia el Marco DigCompOrg, mediante la cumplimentaci\u00f3n, por parte del equipo directivo o de la persona que coordina TDE, de la r\u00fabrica implementada en el Sistema de Informaci\u00f3n S\u00e9neca.<\/span><\/p>\n<p><span style=\"font-weight: 400;\">La propia herramienta genera el Informe de R\u00fabrica TDE, reflejando los puntos fuertes y d\u00e9biles del uso de la tecnolog\u00eda que hace el centro educativo. Este informe se puede descargar y contiene orientaciones para el desarrollo de actuaciones para la mejora de la competencia digital del centro.<\/span><\/p>\n<p><b>Plan de Actuaci\u00f3n Digital (PAD).<\/b><\/p>\n<p><span style=\"font-weight: 400;\">El PAD se estructura en tres \u00e1mbitos de actuaci\u00f3n (organizaci\u00f3n y gesti\u00f3n del centro, procesos de ense\u00f1anza-aprendizaje e informaci\u00f3n y comunicaci\u00f3n), que toman a su vez como referente el Marco de Competencia Digital para Organizaciones Educativas, DigCompOrg.<\/span><\/p>\n<p><span style=\"font-weight: 400;\">Tiene como objetivo general la planificaci\u00f3n y desarrollo de capacidades digitales eficaces para mejorar la calidad de la ense\u00f1anza relacionada con las tecnolog\u00edas digitales y favorecer el uso y dise\u00f1o de herramientas digitales aplicadas a las diferentes metodolog\u00edas did\u00e1cticas. <\/span><\/p>\n<p><i><span style=\"font-weight: 400;\">(Fuente: Consejer\u00eda de Educaci\u00f3n de la Junta de Andaluc\u00eda).<\/span><\/i><span style=\"font-weight: 400;\"><br \/>\n<\/span><\/p>\n<hr \/>\n<h1><\/h1>\n<h1 style=\"text-align: center;\">Pensamiento computacional<\/h1>\n<h3><b>\u00bfQu\u00e9 es el pensamiento computacional?<\/b><\/h3>\n<table>\n<tbody>\n<tr>\n<td><span style=\"font-weight: 300;\">Proceso mental de resoluci\u00f3n de problemas y dise\u00f1o de soluciones independiente de la tecnolog\u00eda.<\/span><\/td>\n<\/tr>\n<\/tbody>\n<\/table>\n<p><span style=\"font-weight: 300;\">Existen muchas definiciones de pensamiento computacional. Una de las m\u00e1s populares es la que lo define como el <\/span><span style=\"font-weight: 300;\">proceso mental utilizado para formular problemas y sus soluciones <\/span><span style=\"font-weight: 300;\">de manera que estas soluciones las realice cualquier agente que procese informaci\u00f3n. Esta definici\u00f3n, implica que el pensamiento computacional es un proceso de pensamiento independiente de la tecnolog\u00eda. Mediante el pensamiento computacional somos capaces de dise\u00f1ar soluciones para ser ejecutadas por un ordenador, una tableta, un humano, o cualquier combinaci\u00f3n de ellos.<\/span><\/p>\n<h3><\/h3>\n<h3><b>Qu\u00e9 habilidades desarrolla y c\u00f3mo puede ser \u00fatil en otras materias.<\/b><\/h3>\n<table>\n<tbody>\n<tr>\n<td><span style=\"font-weight: 300;\">Desarrolla habilidades que son \u00fatiles para otros \u00e1mbitos, como la resoluci\u00f3n de problemas en matem\u00e1ticas,\u00a0 la realizaci\u00f3n de proyectos, la revisi\u00f3n de sus tareas para encontrar errores, la distinci\u00f3n de lo principal de lo secundario en un texto\u2026<\/span><\/td>\n<\/tr>\n<\/tbody>\n<\/table>\n<p><span style=\"font-weight: 300;\">Entendido esencialmente como <\/span><b>un proceso de resoluci\u00f3n de problemas y de dise\u00f1o de soluciones<\/b><span style=\"font-weight: 300;\">, el pensamiento computacional desarrolla especialmente las siguientes habilidades: el an\u00e1lisis, el pensamiento l\u00f3gico, el pensamiento algor\u00edtmico, la descomposici\u00f3n, la\u00a0 abstracci\u00f3n, la depuraci\u00f3n, la validaci\u00f3n de soluciones y el reconocimiento de patrones.\u00a0<\/span><\/p>\n<h3><\/h3>\n<h3><b>Pensamiento algor\u00edtmico<\/b><\/h3>\n<p><span style=\"font-weight: 300;\">Es el camino para llegar a una soluci\u00f3n a trav\u00e9s de unos pasos. Tambi\u00e9n consiste en identificar problemas similares y aplicar estos pasos para solucionarlos de forma sistem\u00e1tica.<\/span><\/p>\n<p><span style=\"font-weight: 300;\">Esta habilidad se desarrolla cuando los\/as estudiantes crean un algoritmo o secuencia al programar y codificar.<\/span><\/p>\n<p><span style=\"font-weight: 300;\">En <\/span><span style=\"font-weight: 300;\">otras materias<\/span><span style=\"font-weight: 300;\">: llevar a cabo cualquier tarea que requiera seguir unos pasos, como las fases de los problemas matem\u00e1ticos, resolver operaciones combinadas, realizar tareas en casa\u2026\u00a0<\/span><\/p>\n<\/div><\/div><\/div><style type=\"text\/css\">.fusion-body .fusion-builder-column-0{width:100% !important;margin-top : 0px;margin-bottom : 0px;}.fusion-builder-column-0 > .fusion-column-wrapper {padding-top : 0px !important;padding-right : 0px !important;margin-right : 1.92%;padding-bottom : 0px !important;padding-left : 0px !important;margin-left : 1.92%;}@media only screen and (max-width:1024px) {.fusion-body .fusion-builder-column-0{width:100% !important;}.fusion-builder-column-0 > .fusion-column-wrapper {margin-right : 1.92%;margin-left : 1.92%;}}@media only screen and (max-width:640px) {.fusion-body .fusion-builder-column-0{width:100% !important;}.fusion-builder-column-0 > .fusion-column-wrapper {margin-right : 1.92%;margin-left : 1.92%;}}<\/style><\/div><style type=\"text\/css\">.fusion-body .fusion-flex-container.fusion-builder-row-1{ padding-top : 0px;margin-top : 0px;padding-right : 0px;padding-bottom : 0px;margin-bottom : 0px;padding-left : 0px;}<\/style><\/div>\n","protected":false},"excerpt":{"rendered":"","protected":false},"author":1,"featured_media":0,"parent":0,"menu_order":0,"comment_status":"closed","ping_status":"closed","template":"","meta":{"footnotes":""},"class_list":["post-166","page","type-page","status-publish","hentry"],"_links":{"self":[{"href":"https:\/\/www.ceipgloriafuertes.org\/index.php\/wp-json\/wp\/v2\/pages\/166","targetHints":{"allow":["GET"]}}],"collection":[{"href":"https:\/\/www.ceipgloriafuertes.org\/index.php\/wp-json\/wp\/v2\/pages"}],"about":[{"href":"https:\/\/www.ceipgloriafuertes.org\/index.php\/wp-json\/wp\/v2\/types\/page"}],"author":[{"embeddable":true,"href":"https:\/\/www.ceipgloriafuertes.org\/index.php\/wp-json\/wp\/v2\/users\/1"}],"replies":[{"embeddable":true,"href":"https:\/\/www.ceipgloriafuertes.org\/index.php\/wp-json\/wp\/v2\/comments?post=166"}],"version-history":[{"count":6,"href":"https:\/\/www.ceipgloriafuertes.org\/index.php\/wp-json\/wp\/v2\/pages\/166\/revisions"}],"predecessor-version":[{"id":172,"href":"https:\/\/www.ceipgloriafuertes.org\/index.php\/wp-json\/wp\/v2\/pages\/166\/revisions\/172"}],"wp:attachment":[{"href":"https:\/\/www.ceipgloriafuertes.org\/index.php\/wp-json\/wp\/v2\/media?parent=166"}],"curies":[{"name":"wp","href":"https:\/\/api.w.org\/{rel}","templated":true}]}}